{"id":4007,"date":"2016-12-14T15:48:08","date_gmt":"2016-12-14T15:48:08","guid":{"rendered":"http:\/\/demo-content.kaliumtheme.com\/main\/?page_id=4007"},"modified":"2025-09-22T16:57:05","modified_gmt":"2025-09-22T14:57:05","slug":"team-two","status":"publish","type":"page","link":"https:\/\/reichel-architekten.ch\/?page_id=4007","title":{"rendered":"Team"},"content":{"rendered":"<p>[vc_row][vc_column reveal_effect=&#187;fadeIn&#187; reveal_duration=&#187;0.7&#8243; reveal_delay=&#187;0.1&#8243;][lab_heading title_tag=&#187;H1&#8243; title=&#187;Team&#187;][\/lab_heading][\/vc_column][vc_column][vc_single_image image=&#187;21230&#8243; img_size=&#187;full&#187;][\/vc_column][\/vc_row][vc_row][vc_column reveal_effect=&#187;fadeIn&#187;][lab_team_members layout_type=&#187;visible-titles&#187; columns_count=&#187;2&#8243; reveal_effect=&#187;none&#187; hover_style=&#187;distanced&#187;][lab_team_members_member image=&#187;4033&#8243; name=&#187;Hannes Reichel&#187; sub_title=&#187;Dipl. Arch. ETH SIA, Gr\u00fcnder und Mitinhaber&#187; link=&#187;url:mailto%3Ahr%40reichel-architekten.ch|title:Mail|target:%20_blank|&#187;][lab_team_members_member image=&#187;4032&#8243; name=&#187;Christiane Reichel&#187; sub_title=&#187;Dipl. Ing. Arch., Gr\u00fcnderin und Mitinhaberin&#187; link=&#187;url:mailto%3Acr%40reichel-architekten.ch|title:Mail||&#187;][\/lab_team_members][\/vc_column][\/vc_row][vc_row][vc_column width=&#187;1\/2&#8243;][vc_single_image image=&#187;21318&#8243; img_size=&#187;large&#187; alignment=&#187;center&#187;][vc_column_text]Hannes Reichel studierte nach der Hochschulreife und einem US-amerikanischen Highschoolabschluss an der ETH Z\u00fcrich unter anderem bei den Professuren Hans Kollhoff und Miroslav Sik, bei dem er 2008 diplomierte, wof\u00fcr er mit dem Erich Degen-Reisestipendium ausgezeichnet wurde.<\/p>\n<p>W\u00e4hrend des Studiums absolvierte er Praktika unter anderem bei Bearth &amp; Deplazes Architekten in Chur, um nach dem Studium einige Jahre als Architekt und Projektleiter unter anderem f\u00fcr Fuhrimann H\u00e4chler und Max Dudler Architekten in Z\u00fcrich zu arbeiten.<\/p>\n<p>Seit 2014 hat er als Dozent f\u00fcr das Fach <a href=\"http:\/\/bauprozess.arch.ethz.ch\/education\/MSc\/BauprozessOekonomie.html\" target=\"_blank\" rel=\"noopener noreferrer\">Bauprozess: \u00d6konomie<\/a> einen Lehrauftrag an der ETH Z\u00fcrich. Seine Vorlesung im Masterstudium ist mit bis zu 200 Studierenden pro Semester das beliebteste Wahlfach des Departements f\u00fcr Architektur.<br \/>\nIm Bereich Forschung hat er vor allem die <a href=\"http:\/\/ioe-app.ethz.ch\/\" target=\"_blank\" rel=\"noopener noreferrer\">Immobilien\u00f6konomie-Applikation<\/a> der ETH (nur mit ETH-Login) entwickelt, die 2018 mit dem <a href=\"http:\/\/www.liip.ch\/de\/work\/projects\/ethz\" target=\"_blank\" rel=\"noopener noreferrer\">Best of Swiss Web Award<\/a> und 2019 mit dem German Design Award ausgezeichnet wurde.<\/p>\n<p>Seit 2014 ist er auch assoziierter Immobilienexperte der Z\u00fcrcher Kantonalbank ZKB. Er ist Mitglied von <a href=\"https:\/\/www.maneco.pro\" target=\"_blank\" rel=\"noopener noreferrer\">maneco<\/a>&#8211; dem Fachverein f\u00fcr Management und \u00d6konomie im Bauwesen..<\/p>\n<p>Er ist regelm\u00e4ssiger Teilnehmer an Podiumsdiskussionen zum Thema Architektur und \u00d6konomie, so z.B. an der Beschaffungskonferenz des Bundes, der SwissBau\u00a0und als Experte unter anderem f\u00fcr Projekt\u00f6konomie in verschiedenen Wettbewerbsjurys t\u00e4tig.<\/p>\n<p>2014 gr\u00fcndete er mit Christiane Reichel zusammen ein eigenes Architekturb\u00fcro und ist Mitglied des SIA und der Bayerischen Architektenkammer.[\/vc_column_text][\/vc_column][vc_column width=&#187;1\/2&#8243;][vc_single_image image=&#187;21274&#8243; img_size=&#187;large&#187; alignment=&#187;center&#187;][vc_column_text]<\/p>\n<div class=\"\">\n<p><span lang=\"DE\">Christiane Reichel studierte Architektur zun\u00e4chst ab 2000 an der Technischen Universit\u00e4t Darmstadt und dann 2004\/2005 an der ETH Z\u00fcrich, sowie 2005\/2006 an der EPF Lausanne. Im Jahr 2007 schloss sie ihr Studium mit der Diplomarbeit zum Kloster Arnsburg bei Prof. Lorch an der TU Darmstadt ab.<\/span><\/p>\n<p><span lang=\"DE\">Im Studium absolvierte sie Praktika bei Albert Speer &amp; Partner in Frankfurt am Main sowie bei Personeni Raffaele Schaerer Architekten in Lausanne.<\/span><\/p>\n<p><span lang=\"DE\">Nach dem Studium entwarf sie als Architektin und Projektleiterin bei GWJ Architekten in Bern B\u00fcro- und Gewerbebauten f\u00fcr die Galenica AG in Bern und Br\u00fctsch R\u00fcegger in Urdorf. Ab 2010 arbeitete sie bei Joos &amp; Mathys Architekten in Z\u00fcrich, wo sie unter anderem als Projektleiterin das Baufeld Nr. 5 des Richtiareals in Wallisellen und das Mehrfamilienhaus Schlossblick in Haldenstein sowie andere Wohnbauprojekte in Affoltern am Albis und Aarburg betreute.<\/span><\/p>\n<p><span lang=\"DE\">2014 gr\u00fcndete sie zusammen mit Hannes Reichel ein eigenes Architekturb\u00fcro und ist dort seit 2018 als Architektin t\u00e4tig.<\/span><\/p>\n<\/div>\n<p>[\/vc_column_text][\/vc_column][\/vc_row][vc_row][vc_column][lab_team_members layout_type=&#187;visible-titles&#187; columns_count=&#187;2&#8243; reveal_effect=&#187;none&#187; hover_style=&#187;distanced&#187; img_size=&#187;1110&#215;1665&#8243;][lab_team_members_member image=&#187;21204&#8243; name=&#187;Lisa Adelmann&#187; sub_title=&#187;MSC Arch. ETH&#187; link=&#187;url:mailto%3Ala%40reichel-architekten.ch|title:Mail&#187;][lab_team_members_member image=&#187;21356&#8243; name=&#187;Kerstin Spiekermann&#187; sub_title=&#187;MSc. Arch. ETH&#187; link=&#187;url:mailto%3Aks%40reichel-architekten.ch|title:Mail&#187;][lab_team_members_member image=&#187;21358&#8243; name=&#187;Pascal Furrer&#187; sub_title=&#187;Techn. Zeichner EFZ, Cand. Arch.&#187; link=&#187;url:mailto%3Apf%40reichel-architekten.ch&#187;][lab_team_members_member image=&#187;21357&#8243; name=&#187;Pascale Schmid&#187; sub_title=&#187;Technische Zeichnerin EFZ&#187; link=&#187;url:mailto%3Aps%40reichel-architekten.ch&#187;][lab_team_members_member image=&#187;21304&#8243; name=&#187;Nando Reichard&#187; sub_title=&#187;MSc. Arch.&#187; link=&#187;url:mailto%3Anr%40reichel-architekten.ch&#187;][lab_team_members_member image=&#187;21305&#8243; name=&#187;Wanling Xu&#187; sub_title=&#187;MSc. Arch.&#187; link=&#187;url:mailto%3Awx%40reichel-architekten.ch&#187;][lab_team_members_member image=&#187;21370&#8243; name=&#187;Christian Nitschke&#187; sub_title=&#187;M.Sc. Architektur (BUW, PoliMi)&#187; link=&#187;url:mailto%3Acn%40reichel-architekten.ch&#187;][lab_team_members_member image=&#187;21371&#8243; name=&#187;Janik Hiob&#187; sub_title=&#187;B.Sc. Architektur&#187; link=&#187;url:mailto%3Ajh%40reichel-architekten.ch&#187;][lab_team_members_member image=&#187;21373&#8243; name=&#187;Donika Kuqi&#187; sub_title=&#187;B.Sc. Architektur&#187; link=&#187;url:mailto%3Adk%40reichel-architekten.ch&#187;][lab_team_members_member image=&#187;21373&#8243; name=&#187;Dario Sisljagic&#187; sub_title=&#187;B.A. Architektur&#187; link=&#187;url:mailto%3Ads%40reichel-architekten.ch&#187;][\/lab_team_members][vc_row_inner][vc_column_inner][vc_column_text]Ehemalige\/past collaborators: Julia Friedla, Benjamin Graber, Lucas Lamberti, Noah Weiler, Robin Barmettler, Nadia Widmer, Eda Ipram, Dina B\u00f6hm, Freddy Graber, Jan Pelcik, Paulina Bonowicz, Tuula Tuomi, Vasco Cortez Pinto, Ion Blaja, Luca Suriano, Betel Tadesse, Maria Niemiec, Ma\u00eblle Odermatt, Sharri Xhiha, Katharina Halkenh\u00e4usser[\/vc_column_text][\/vc_column_inner][\/vc_row_inner][\/vc_column][\/vc_row][vc_row][vc_column][\/vc_column][\/vc_row]<\/p>\n","protected":false},"excerpt":{"rendered":"<p>[vc_row][vc_column reveal_effect=&#187;fadeIn&#187; reveal_duration=&#187;0.7&#8243; reveal_delay=&#187;0.1&#8243;][lab_heading title_tag=&#187;H1&#8243; title=&#187;Team&#187;][\/lab_heading][\/vc_column][vc_column][vc_single_image image=&#187;21230&#8243; img_size=&#187;full&#187;][\/vc_column][\/vc_row][vc_row][vc_column reveal_effect=&#187;fadeIn&#187;][lab_team_members layout_type=&#187;visible-titles&#187; columns_count=&#187;2&#8243; reveal_effect=&#187;none&#187; hover_style=&#187;distanced&#187;][lab_team_members_member image=&#187;4033&#8243; name=&#187;Hannes Reichel&#187; sub_title=&#187;Dipl. Arch. ETH SIA, Gr\u00fcnder und Mitinhaber&#187; link=&#187;url:mailto%3Ahr%40reichel-architekten.ch|title:Mail|target:%20_blank|&#187;][lab_team_members_member image=&#187;4032&#8243; name=&#187;Christiane Reichel&#187; sub_title=&#187;Dipl. Ing. Arch., Gr\u00fcnderin und Mitinhaberin&#187; link=&#187;url:mailto%3Acr%40reichel-architekten.ch|title:Mail||&#187;][\/lab_team_members][\/vc_column][\/vc_row][vc_row][vc_column width=&#187;1\/2&#8243;][vc_single_image image=&#187;21318&#8243; img_size=&#187;large&#187; alignment=&#187;center&#187;][vc_column_text]Hannes Reichel studierte nach der Hochschulreife und einem US-amerikanischen Highschoolabschluss an der ETH Z\u00fcrich unter anderem bei den&hellip;<\/p>\n","protected":false},"author":1,"featured_media":0,"parent":0,"menu_order":0,"comment_status":"closed","ping_status":"closed","template":"","meta":[],"_links":{"self":[{"href":"https:\/\/reichel-architekten.ch\/index.php?rest_route=\/wp\/v2\/pages\/4007"}],"collection":[{"href":"https:\/\/reichel-architekten.ch\/index.php?rest_route=\/wp\/v2\/pages"}],"about":[{"href":"https:\/\/reichel-architekten.ch\/index.php?rest_route=\/wp\/v2\/types\/page"}],"author":[{"embeddable":true,"href":"https:\/\/reichel-architekten.ch\/index.php?rest_route=\/wp\/v2\/users\/1"}],"replies":[{"embeddable":true,"href":"https:\/\/reichel-architekten.ch\/index.php?rest_route=%2Fwp%2Fv2%2Fcomments&post=4007"}],"version-history":[{"count":96,"href":"https:\/\/reichel-architekten.ch\/index.php?rest_route=\/wp\/v2\/pages\/4007\/revisions"}],"predecessor-version":[{"id":21377,"href":"https:\/\/reichel-architekten.ch\/index.php?rest_route=\/wp\/v2\/pages\/4007\/revisions\/21377"}],"wp:attachment":[{"href":"https:\/\/reichel-architekten.ch\/index.php?rest_route=%2Fwp%2Fv2%2Fmedia&parent=4007"}],"curies":[{"name":"wp","href":"https:\/\/api.w.org\/{rel}","templated":true}]}}